{"id":20377,"date":"2022-08-30T13:26:42","date_gmt":"2022-08-30T13:26:42","guid":{"rendered":"https:\/\/densebreastscanada.ca\/?page_id=20377"},"modified":"2022-08-30T13:29:51","modified_gmt":"2022-08-30T13:29:51","slug":"disclaimer","status":"publish","type":"page","link":"https:\/\/densebreastscanada.ca\/fr\/disclaimer\/","title":{"rendered":"Disclaimer"},"content":{"rendered":"<strong>DISCLAIMER<\/strong><br \/>\nLe site Web Dense Breast Canada sert \u00e0:<br \/>\n1. Faire mieux conna\u00eetre aux femmes les risques  li\u00e9s aux seins denses;<br \/>\n2. Encourager le plaidoyer et la communication au sujet des tissus mammaires denses.<br \/>\nNous avons inclus des r\u00e9f\u00e9rences, le cas \u00e9ch\u00e9ant, pour nous assurer que l'information fournie est fond\u00e9e sur des preuves. Toutefois, nous ne pouvons garantir que les informations sur le site soient exemptes d'erreurs ou compl\u00e8tes. Le site Web n'est pas destin\u00e9 \u00e0 se substituer \u00e0 l'avis m\u00e9dical d'un m\u00e9decin. Pour obtenir des r\u00e9ponses \u00e0 des questions pr\u00e9cises sur la sant\u00e9, veuillez consulter votre m\u00e9decin. Bien que nous mentionnions sur ce site Web l'\u00e9chographie mammaire automatis\u00e9e (ABUS), nous ne sommes associ\u00e9s financi\u00e8rement \u00e0 aucune clinique priv\u00e9e qui offre des ABUS.","protected":false},"excerpt":{"rendered":"<p>DISCLAIMER The Dense Breasts Canada website is intended for the general purpose of: 1. Raising awareness about dense breasts and 2. Encouraging advocacy for the reporting of dense breast tissue to women. We have included references, where applicable to ensure that the information provided is evidence based. However, we cannot guarantee that the information on&hellip;<\/p>","protected":false},"author":4,"featured_media":0,"parent":0,"menu_order":0,"comment_status":"closed","ping_status":"closed","template":"","meta":{"om_disable_all_campaigns":false,"footnotes":"","_links_to":"","_links_to_target":""},"class_list":["post-20377","page","type-page","status-publish","hentry"],"yoast_head":"<!-- This site is optimized with the Yoast SEO plugin v27.4 - https:\/\/yoast.com\/product\/yoast-seo-wordpress\/ -->\n<title>Disclaimer | Dense Breasts Canada<\/title>\n<meta name=\"robots\" content=\"index, follow, max-snippet:-1, max-image-preview:large, max-video-preview:-1\" \/>\n<link rel=\"canonical\" href=\"https:\/\/densebreastscanada.ca\/fr\/disclaimer\/\" \/>\n<meta property=\"og:locale\" content=\"fr_CA\" \/>\n<meta property=\"og:type\" content=\"article\" \/>\n<meta property=\"og:title\" content=\"Disclaimer | Dense Breasts Canada\" \/>\n<meta property=\"og:description\" content=\"DISCLAIMER The Dense Breasts Canada website is intended for the general purpose of: 1. Raising awareness about dense breasts and 2. Encouraging advocacy for the reporting of dense breast tissue to women. We have included references, where applicable to ensure that the information provided is evidence based. However, we cannot guarantee that the information on&hellip;\" \/>\n<meta property=\"og:url\" content=\"https:\/\/densebreastscanada.ca\/fr\/disclaimer\/\" \/>\n<meta property=\"og:site_name\" content=\"Dense Breasts Canada\" \/>\n<meta property=\"article:publisher\" content=\"https:\/\/www.facebook.com\/densebreastscanada\/\" \/>\n<meta property=\"article:modified_time\" content=\"2022-08-30T13:29:51+00:00\" \/>\n<meta name=\"twitter:card\" content=\"summary_large_image\" \/>\n<meta name=\"twitter:site\" content=\"@densebreastscdn\" \/>\n<meta name=\"twitter:label1\" content=\"Estimation du temps de lecture\" \/>\n\t<meta name=\"twitter:data1\" content=\"1 minute\" \/>\n<script type=\"application\/ld+json\" class=\"yoast-schema-graph\">{\"@context\":\"https:\\\/\\\/schema.org\",\"@graph\":[{\"@type\":\"WebPage\",\"@id\":\"https:\\\/\\\/densebreastscanada.ca\\\/disclaimer\\\/\",\"url\":\"https:\\\/\\\/densebreastscanada.ca\\\/disclaimer\\\/\",\"name\":\"Disclaimer | Dense Breasts Canada\",\"isPartOf\":{\"@id\":\"https:\\\/\\\/densebreastscanada.ca\\\/#website\"},\"datePublished\":\"2022-08-30T13:26:42+00:00\",\"dateModified\":\"2022-08-30T13:29:51+00:00\",\"breadcrumb\":{\"@id\":\"https:\\\/\\\/densebreastscanada.ca\\\/disclaimer\\\/#breadcrumb\"},\"inLanguage\":\"fr-CA\",\"potentialAction\":[{\"@type\":\"ReadAction\",\"target\":[\"https:\\\/\\\/densebreastscanada.ca\\\/disclaimer\\\/\"]}]},{\"@type\":\"BreadcrumbList\",\"@id\":\"https:\\\/\\\/densebreastscanada.ca\\\/disclaimer\\\/#breadcrumb\",\"itemListElement\":[{\"@type\":\"ListItem\",\"position\":1,\"name\":\"Home\",\"item\":\"https:\\\/\\\/densebreastscanada.ca\\\/\"},{\"@type\":\"ListItem\",\"position\":2,\"name\":\"Disclaimer\"}]},{\"@type\":\"WebSite\",\"@id\":\"https:\\\/\\\/densebreastscanada.ca\\\/#website\",\"url\":\"https:\\\/\\\/densebreastscanada.ca\\\/\",\"name\":\"Dense Breasts Canada\",\"description\":\"Get the breast screening best for you\",\"publisher\":{\"@id\":\"https:\\\/\\\/densebreastscanada.ca\\\/#organization\"},\"potentialAction\":[{\"@type\":\"SearchAction\",\"target\":{\"@type\":\"EntryPoint\",\"urlTemplate\":\"https:\\\/\\\/densebreastscanada.ca\\\/?s={search_term_string}\"},\"query-input\":{\"@type\":\"PropertyValueSpecification\",\"valueRequired\":true,\"valueName\":\"search_term_string\"}}],\"inLanguage\":\"fr-CA\"},{\"@type\":\"Organization\",\"@id\":\"https:\\\/\\\/densebreastscanada.ca\\\/#organization\",\"name\":\"Dense Breasts Canada\",\"url\":\"https:\\\/\\\/densebreastscanada.ca\\\/\",\"logo\":{\"@type\":\"ImageObject\",\"inLanguage\":\"fr-CA\",\"@id\":\"https:\\\/\\\/densebreastscanada.ca\\\/#\\\/schema\\\/logo\\\/image\\\/\",\"url\":\"https:\\\/\\\/densebreastscanada.ca\\\/wp-content\\\/uploads\\\/2019\\\/04\\\/DenseBreastsCanada_Logo_H_C-150.png\",\"contentUrl\":\"https:\\\/\\\/densebreastscanada.ca\\\/wp-content\\\/uploads\\\/2019\\\/04\\\/DenseBreastsCanada_Logo_H_C-150.png\",\"width\":150,\"height\":37,\"caption\":\"Dense Breasts Canada\"},\"image\":{\"@id\":\"https:\\\/\\\/densebreastscanada.ca\\\/#\\\/schema\\\/logo\\\/image\\\/\"},\"sameAs\":[\"https:\\\/\\\/www.facebook.com\\\/densebreastscanada\\\/\",\"https:\\\/\\\/x.com\\\/densebreastscdn\",\"https:\\\/\\\/www.instagram.com\\\/densebreastscanada\\\/\"]}]}<\/script>\n<!-- \/ Yoast SEO plugin. -->","yoast_head_json":{"title":"Disclaimer | Dense Breasts Canada","robots":{"index":"index","follow":"follow","max-snippet":"max-snippet:-1","max-image-preview":"max-image-preview:large","max-video-preview":"max-video-preview:-1"},"canonical":"https:\/\/densebreastscanada.ca\/fr\/disclaimer\/","og_locale":"fr_CA","og_type":"article","og_title":"Disclaimer | Dense Breasts Canada","og_description":"DISCLAIMER The Dense Breasts Canada website is intended for the general purpose of: 1. Raising awareness about dense breasts and 2. Encouraging advocacy for the reporting of dense breast tissue to women. We have included references, where applicable to ensure that the information provided is evidence based. However, we cannot guarantee that the information on&hellip;","og_url":"https:\/\/densebreastscanada.ca\/fr\/disclaimer\/","og_site_name":"Dense Breasts Canada","article_publisher":"https:\/\/www.facebook.com\/densebreastscanada\/","article_modified_time":"2022-08-30T13:29:51+00:00","twitter_card":"summary_large_image","twitter_site":"@densebreastscdn","twitter_misc":{"Estimation du temps de lecture":"1 minute"},"schema":{"@context":"https:\/\/schema.org","@graph":[{"@type":"WebPage","@id":"https:\/\/densebreastscanada.ca\/disclaimer\/","url":"https:\/\/densebreastscanada.ca\/disclaimer\/","name":"Disclaimer | Dense Breasts Canada","isPartOf":{"@id":"https:\/\/densebreastscanada.ca\/#website"},"datePublished":"2022-08-30T13:26:42+00:00","dateModified":"2022-08-30T13:29:51+00:00","breadcrumb":{"@id":"https:\/\/densebreastscanada.ca\/disclaimer\/#breadcrumb"},"inLanguage":"fr-CA","potentialAction":[{"@type":"ReadAction","target":["https:\/\/densebreastscanada.ca\/disclaimer\/"]}]},{"@type":"BreadcrumbList","@id":"https:\/\/densebreastscanada.ca\/disclaimer\/#breadcrumb","itemListElement":[{"@type":"ListItem","position":1,"name":"Home","item":"https:\/\/densebreastscanada.ca\/"},{"@type":"ListItem","position":2,"name":"Disclaimer"}]},{"@type":"WebSite","@id":"https:\/\/densebreastscanada.ca\/#website","url":"https:\/\/densebreastscanada.ca\/","name":"Dense Breasts Canada","description":"Get the breast screening best for you","publisher":{"@id":"https:\/\/densebreastscanada.ca\/#organization"},"potentialAction":[{"@type":"SearchAction","target":{"@type":"EntryPoint","urlTemplate":"https:\/\/densebreastscanada.ca\/?s={search_term_string}"},"query-input":{"@type":"PropertyValueSpecification","valueRequired":true,"valueName":"search_term_string"}}],"inLanguage":"fr-CA"},{"@type":"Organization","@id":"https:\/\/densebreastscanada.ca\/#organization","name":"Dense Breasts Canada","url":"https:\/\/densebreastscanada.ca\/","logo":{"@type":"ImageObject","inLanguage":"fr-CA","@id":"https:\/\/densebreastscanada.ca\/#\/schema\/logo\/image\/","url":"https:\/\/densebreastscanada.ca\/wp-content\/uploads\/2019\/04\/DenseBreastsCanada_Logo_H_C-150.png","contentUrl":"https:\/\/densebreastscanada.ca\/wp-content\/uploads\/2019\/04\/DenseBreastsCanada_Logo_H_C-150.png","width":150,"height":37,"caption":"Dense Breasts Canada"},"image":{"@id":"https:\/\/densebreastscanada.ca\/#\/schema\/logo\/image\/"},"sameAs":["https:\/\/www.facebook.com\/densebreastscanada\/","https:\/\/x.com\/densebreastscdn","https:\/\/www.instagram.com\/densebreastscanada\/"]}]}},"_links":{"self":[{"href":"https:\/\/densebreastscanada.ca\/fr\/wp-json\/wp\/v2\/pages\/20377","targetHints":{"allow":["GET"]}}],"collection":[{"href":"https:\/\/densebreastscanada.ca\/fr\/wp-json\/wp\/v2\/pages"}],"about":[{"href":"https:\/\/densebreastscanada.ca\/fr\/wp-json\/wp\/v2\/types\/page"}],"author":[{"embeddable":true,"href":"https:\/\/densebreastscanada.ca\/fr\/wp-json\/wp\/v2\/users\/4"}],"replies":[{"embeddable":true,"href":"https:\/\/densebreastscanada.ca\/fr\/wp-json\/wp\/v2\/comments?post=20377"}],"version-history":[{"count":0,"href":"https:\/\/densebreastscanada.ca\/fr\/wp-json\/wp\/v2\/pages\/20377\/revisions"}],"wp:attachment":[{"href":"https:\/\/densebreastscanada.ca\/fr\/wp-json\/wp\/v2\/media?parent=20377"}],"curies":[{"name":"wp","href":"https:\/\/api.w.org\/{rel}","templated":true}]}}