{"id":2316,"date":"2018-08-20T12:40:38","date_gmt":"2018-08-20T12:40:38","guid":{"rendered":"https:\/\/densebreastscanada.ca\/?page_id=2316"},"modified":"2026-04-01T19:36:59","modified_gmt":"2026-04-01T19:36:59","slug":"new-home","status":"publish","type":"page","link":"https:\/\/densebreastscanada.ca\/fr\/","title":{"rendered":"Accueil"},"content":{"rendered":"<figure itemscope itemtype=\"https:\/\/schema.org\/ImageObject\">\n\t\t\t\t<img decoding=\"async\" src=\"https:\/\/densebreastscanada.ca\/wp-content\/uploads\/2024\/08\/BANNER-IWYTK-web-scaled.jpg\" alt=\"BANNER-IWYTK-web\" height=\"609\" width=\"1600\" title=\"BANNER-IWYTK-web\" onerror=\"this.style.display='none'\" loading=\"lazy\" \/>\n\t<\/figure>\n\t\t<h1>\n\t\t\tIt&#8217;s your health. Be breast informed.\n\t\t<\/h1>\n\t\t\t<p>Informez-vous sur les pratiques de d\u00e9pistage de votre \nprovince ou territoire, sur l\u2019\u00e9tat de la recherche et sur \nles moyens de r\u00e9clamer les examens qu\u2019il vous faut.<br \/><strong>C\u2019est votre sant\u00e9 qui est en jeu\u2009!\nNous sommes l\u00e0 pour vous.<\/strong><\/p>\t\t\n\t\t\tSeins denses\n\t\t\n\t\t\t<p>Une densit\u00e9 mammaire \u00e9lev\u00e9e augmente le risque \nde cancer du sein et en complique le d\u00e9pistage \u00e0 la \nmammographie. Vous pouvez agir pour r\u00e9duire votre \nrisque. Conna\u00eetre et comprendre votre densit\u00e9 mammaire \nest une premi\u00e8re \u00e9tape essentielle.<\/p>\t\t\n\t\t\t<a href=\"https:\/\/densebreastscanada.ca\/fr\/dense-breasts\/\"  target=\"_self\">\n\t\t\t\t\t\t\tEn savoir plus\n\t\t\t\t\t<\/a>\n<h2>\n\t\t\tFour Categories of Breast Density\t<\/h2>\n<figure itemscope itemtype=\"https:\/\/schema.org\/ImageObject\">\n\t\t\t\t<img decoding=\"async\" src=\"https:\/\/densebreastscanada.ca\/wp-content\/uploads\/2024\/10\/Screen-Shot-2024-10-28-at-8.51.29-AM-cropped.png\" alt=\"Screen Shot 2024-10-28 at 8.51.29 AM cropped\" height=\"970\" width=\"1600\" title=\"Screen Shot 2024-10-28 at 8.51.29 AM cropped\" onerror=\"this.style.display='none'\" loading=\"lazy\" \/>\n\t<\/figure>\n<figure itemscope itemtype=\"https:\/\/schema.org\/ImageObject\">\n\t\t\t\t<img decoding=\"async\" src=\"https:\/\/densebreastscanada.ca\/wp-content\/uploads\/2024\/10\/website-provinces-graphic-cropped.jpg\" alt=\"website provinces graphic cropped\" height=\"628\" width=\"713\" title=\"website provinces graphic cropped\" onerror=\"this.style.display='none'\" loading=\"lazy\" \/>\n\t<\/figure>\n\t\t\tPratiques de d\u00e9pistage du cancer du sein dans votre province\n\t\t\n\t\t\t<p>Renseignez-vous facilement sur les \npratiques du programme de d\u00e9pistage de votre province ou territoire, sur les derni\u00e8res recherches men\u00e9es par les experts du cancer du sein et sur la mani\u00e8re de plaider en faveur du d\u00e9pistage dont vous avez besoin.<\/p>\t\t\n\t\t\t<a href=\"https:\/\/densebreastscanada.ca\/fr\/my-province\/\"  target=\"_self\">\n\t\t\t\t\t\t\tEn savoir plus\n\t\t\t\t\t<\/a>\n\t\t\tT\u00e9moignages\n\t\t\n\t\t\t<p>Plongez dans les r\u00e9cits \u00e9mouvants de survivantes du cancer du sein et d\u00e9couvrez les le\u00e7ons qu\u2019elles ont tir\u00e9es de leur exp\u00e9rience. Souhaitez-vous \u00e9galement partager votre exp\u00e9rience avec nous\u2009? Nous sommes l\u00e0 pour vous \u00e9couter.\u00a0<\/p>\t\t\n\t\t\t<a href=\"https:\/\/densebreastscanada.ca\/fr\/submit-your-story\/\"  target=\"_self\">\n\t\t\t\t\t\t\tEn savoir plus\n\t\t\t\t\t<\/a>\n<figure itemscope itemtype=\"https:\/\/schema.org\/ImageObject\">\n\t\t\t\t<img decoding=\"async\" src=\"https:\/\/densebreastscanada.ca\/wp-content\/uploads\/2023\/09\/Facebook-Cover_IWANTYOUTOKNOW-scaled.jpeg\" alt=\"Facebook Cover_IWANTYOUTOKNOW\" height=\"1600\" width=\"1600\" title=\"Facebook Cover_IWANTYOUTOKNOW\" onerror=\"this.style.display='none'\" loading=\"lazy\" \/>\n\t<\/figure>\n<figure itemscope itemtype=\"https:\/\/schema.org\/ImageObject\">\n\t\t\t\t<img decoding=\"async\" src=\"https:\/\/densebreastscanada.ca\/wp-content\/uploads\/2024\/04\/iStock-1326567752-scaled.jpg\" alt=\"Powerful women achieving extraordinary results\" height=\"1067\" width=\"1600\" title=\"Portrait of a group of confident businesswomen standing together in an office\" onerror=\"this.style.display='none'\" loading=\"lazy\" \/>\n\t<\/figure>\n\t\t\tComment faire valoir \nvos besoins aupr\u00e8s d\u2019un \nprofessionnel de la sant\u00e9 ?\n\t\t\n\t\t\t<p>Informez-vous sur les pratiques de d\u00e9pistage de votre province ou territoire, sur l\u2019\u00e9tat de la recherche et sur les moyens de r\u00e9clamer les examens qu\u2019il vous faut.<\/p>\t\t\n\t\t\t<a href=\"https:\/\/densebreastscanada.ca\/fr\/be-an-advocate\/\"  target=\"_self\">\n\t\t\t\t\t\t\tEn savoir plus\n\t\t\t\t\t<\/a>\n\t\t\tIssues with Canada&#8217;s Breast Cancer Screening Guidelines\n\t\t\n\t\t\t<p>Depuis huit ans, Seins Denses Canada (SDC) milite pour la r\u00e9vision des lignes directrices canadiennes de d\u00e9pistage du cancer du sein et pour la refonte du Groupe d\u2019\u00e9tude canadien sur les soins de sant\u00e9 pr\u00e9ventifs (GECSSP), qui les \u00e9labore. Le gouvernement f\u00e9d\u00e9ral a promis de proc\u00e9der \u00e0 cette refonte lorsque le Groupe a r\u00e9cidiv\u00e9 avec un dangereux projet de lignes directrices. Nous plaidons pour un groupe d\u2019\u00e9tude responsable, transparent, ax\u00e9 sur l\u2019\u00e9quit\u00e9 et guid\u00e9 par l\u2019\u00e9tat de la recherche ainsi que par l\u2019avis d\u2019experts. Un nouveau groupe d\u2019\u00e9tude verra le jour en avril 2026. De nouvelles lignes directrices devraient suivre.\u00a0<\/p>\t\t\n\t\t\t<a href=\"https:\/\/densebreastscanada.ca\/fr\/screening-guideline-concerns\/\"  target=\"_self\">\n\t\t\t\t\t\t\tEn savoir plus\n\t\t\t\t\t<\/a>\n<figure itemscope itemtype=\"https:\/\/schema.org\/ImageObject\">\n\t\t\t\t<img decoding=\"async\" src=\"https:\/\/densebreastscanada.ca\/wp-content\/uploads\/2021\/06\/MAP-gray-line-removed-scaled.jpg\" alt=\"Breast Cancer Screening in Canada\" height=\"1301\" width=\"1600\" title=\"MAP-gray-line-removed\" onerror=\"this.style.display='none'\" loading=\"lazy\" \/>\n\t<\/figure>\n<figure itemscope itemtype=\"https:\/\/schema.org\/ImageObject\">\n\t\t\t\t<a href=\"https:\/\/densebreastscanada.ca\/fr\/videos\/\"  target=\"_self\" itemprop=\"url\">\n\t\t\t\t<img decoding=\"async\" src=\"https:\/\/densebreastscanada.ca\/wp-content\/uploads\/2023\/05\/PAULA-GORDON-hadassah-headshot-4.jpg\" alt=\"PAULA GORDON hadassah headshot (4)\" height=\"300\" width=\"300\" title=\"PAULA GORDON hadassah headshot (4)\" onerror=\"this.style.display='none'\" loading=\"lazy\" \/>\n\t\t\t\t<\/a>\n\t<\/figure>\n<h3>\n\t\t<a href=\"https:\/\/densebreastscanada.ca\/fr\/videos\/\" title=\"Vid\u00e9os et webinaires\"  target=\"_self\">\n\t\t\tVideos &#038; Webinars\t\t<\/a>\n\t<\/h3>\n<figure itemscope itemtype=\"https:\/\/schema.org\/ImageObject\">\n\t\t\t\t<a href=\"https:\/\/densebreastscanada.ca\/fr\/media\/\"  target=\"_self\" itemprop=\"url\">\n\t\t\t\t<img decoding=\"async\" src=\"https:\/\/densebreastscanada.ca\/wp-content\/uploads\/2024\/10\/DBC-media.png\" alt=\"DBC media\" height=\"500\" width=\"500\" title=\"DBC media\" onerror=\"this.style.display='none'\" loading=\"lazy\" \/>\n\t\t\t\t<\/a>\n\t<\/figure>\n<h3>\n\t\t<a href=\"https:\/\/densebreastscanada.ca\/fr\/media\/\" title=\"M\u00e9dias\"  target=\"_self\">\n\t\t\tM\u00e9dias\t\t<\/a>\n\t<\/h3>\n<h3>\n\t\t<a href=\"https:\/\/densebreastscanada.ca\/fr\/blog\/\" title=\"Blogue\"  target=\"_self\">\n\t\t\tBlogue\t\t<\/a>\n\t<\/h3>\n<h2>\n\t\t\tSeinFormer, c\u2019est vital\u2009! Lisez nos guides et rapports\t<\/h2>\n<figure itemscope itemtype=\"https:\/\/schema.org\/ImageObject\">\n\t\t\t\t<img decoding=\"async\" src=\"https:\/\/densebreastscanada.ca\/wp-content\/uploads\/2023\/10\/iStock-1225548258-web.jpg\" alt=\"Happy family\" height=\"667\" width=\"1000\" title=\"Happy family\" onerror=\"this.style.display='none'\" loading=\"lazy\" \/>\n\t<\/figure>\n<h3>\n\t\t\tBo\u00eete \u00e0 outils de plaidoyer pour un d\u00e9pistage adapt\u00e9\t<\/h3>\n\t<p><a href=\"https:\/\/densebreastscanada.ca\/wp-content\/uploads\/2025\/02\/DBC-Advocacy-Guide-March-2025.pdf\">Lire le document<\/a><\/p>\n<figure itemscope itemtype=\"https:\/\/schema.org\/ImageObject\">\n\t\t\t\t<img decoding=\"async\" src=\"https:\/\/densebreastscanada.ca\/wp-content\/uploads\/2023\/10\/blue-map-of-Canada.png\" alt=\"blue map of Canada\" height=\"500\" width=\"500\" title=\"blue map of Canada\" onerror=\"this.style.display='none'\" loading=\"lazy\" \/>\n\t<\/figure>\n<h3>\n\t\t\tVotre guide complet du d\u00e9pistage du cancer du sein\t<\/h3>\n\t<p><a href=\"https:\/\/densebreastscanada.ca\/wp-content\/uploads\/2025\/02\/DBC-Breast-Cancer-Guide-March-2025.pdf\">Lire le document<\/a><\/p>\n<figure itemscope itemtype=\"https:\/\/schema.org\/ImageObject\">\n\t\t\t\t<img decoding=\"async\" src=\"https:\/\/densebreastscanada.ca\/wp-content\/uploads\/2025\/04\/Cover-Page1_7-practices1080.jpg\" alt=\"Cover Page1_7 practices1080\" height=\"1080\" width=\"1080\" title=\"Cover Page1_7 practices1080\" onerror=\"this.style.display='none'\" loading=\"lazy\" \/>\n\t<\/figure>\n<h3>\n\t\t\tComparing the Provinces &#038; Territories on 7 Key Practices\t<\/h3>\n\t<p><a href=\"https:\/\/densebreastscanada.ca\/wp-content\/uploads\/2026\/03\/The-State-of-Breast-Cancer-Screening-in-Canada.pdf\">Lire le document<\/a><\/p>\n<figure itemscope itemtype=\"https:\/\/schema.org\/ImageObject\">\n\t\t\t\t<img decoding=\"async\" src=\"https:\/\/densebreastscanada.ca\/wp-content\/uploads\/2023\/10\/Advancing-Breast-Cancer-Screening-in-Canada-no-date.jpeg\" alt=\"Advancing-Breast Cancer Screening-in-Canada no date\" height=\"1013\" width=\"1013\" title=\"Advancing-Breast Cancer Screening-in-Canada no date\" onerror=\"this.style.display='none'\" loading=\"lazy\" \/>\n\t<\/figure>\n<h3>\n\t\t\tFaire progresser le d\u00e9pistage du cancer du sein au Canada\t<\/h3>\n\t<p><a href=\"https:\/\/densebreastscanada.ca\/wp-content\/uploads\/2026\/03\/Advancing-Breast-Cancer-Screening-in-Canada_March-26.2026.pdf\">Lire le document<\/a><\/p>","protected":false},"excerpt":{"rendered":"<p>It&#8217;s your health. Be breast informed. Learn about the risks of dense breasts, breast screening policies in your province, the latest evidence, and how to advocate for the screening you need.Make the best decisions for your health. We are here to help. About Dense Breasts Dense breasts increase your risk for breast cancer and dense&hellip;<\/p>","protected":false},"author":4,"featured_media":0,"parent":0,"menu_order":0,"comment_status":"closed","ping_status":"closed","template":"","meta":{"om_disable_all_campaigns":false,"footnotes":"","_links_to":"","_links_to_target":""},"class_list":["post-2316","page","type-page","status-publish","hentry"],"yoast_head":"<!-- This site is optimized with the Yoast SEO plugin v27.3 - https:\/\/yoast.com\/product\/yoast-seo-wordpress\/ -->\n<title>Home | Dense Breasts Canada | Your Breast Health Matters.<\/title>\n<meta name=\"description\" content=\"Dense breasts can decrease the effectiveness of mammography and increase your risk for breast cancer. Learn how you can minimize your risk.\" \/>\n<meta name=\"robots\" content=\"index, follow, max-snippet:-1, max-image-preview:large, max-video-preview:-1\" \/>\n<link rel=\"canonical\" href=\"https:\/\/densebreastscanada.ca\/fr\/\" \/>\n<meta property=\"og:locale\" content=\"fr_CA\" \/>\n<meta property=\"og:type\" content=\"article\" \/>\n<meta property=\"og:title\" content=\"Home | Dense Breasts Canada | Your Breast Health Matters.\" \/>\n<meta property=\"og:description\" content=\"Dense breasts can decrease the effectiveness of mammography and increase your risk for breast cancer. Learn how you can minimize your risk.\" \/>\n<meta property=\"og:url\" content=\"https:\/\/densebreastscanada.ca\/fr\/\" \/>\n<meta property=\"og:site_name\" content=\"Dense Breasts Canada\" \/>\n<meta property=\"article:publisher\" content=\"https:\/\/www.facebook.com\/densebreastscanada\/\" \/>\n<meta property=\"article:modified_time\" content=\"2026-04-01T19:36:59+00:00\" \/>\n<meta property=\"og:image\" content=\"https:\/\/densebreastscanada.ca\/wp-content\/uploads\/2024\/08\/BANNER-IWYTK-web-scaled.jpg\" \/>\n<meta name=\"twitter:card\" content=\"summary_large_image\" \/>\n<meta name=\"twitter:site\" content=\"@densebreastscdn\" \/>\n<meta name=\"twitter:label1\" content=\"Estimation du temps de lecture\" \/>\n\t<meta name=\"twitter:data1\" content=\"5 minutes\" \/>\n<script type=\"application\/ld+json\" class=\"yoast-schema-graph\">{\"@context\":\"https:\\\/\\\/schema.org\",\"@graph\":[{\"@type\":\"WebPage\",\"@id\":\"https:\\\/\\\/densebreastscanada.ca\\\/\",\"url\":\"https:\\\/\\\/densebreastscanada.ca\\\/\",\"name\":\"Home | Dense Breasts Canada | Your Breast Health Matters.\",\"isPartOf\":{\"@id\":\"https:\\\/\\\/densebreastscanada.ca\\\/#website\"},\"primaryImageOfPage\":{\"@id\":\"https:\\\/\\\/densebreastscanada.ca\\\/#primaryimage\"},\"image\":{\"@id\":\"https:\\\/\\\/densebreastscanada.ca\\\/#primaryimage\"},\"thumbnailUrl\":\"https:\\\/\\\/densebreastscanada.ca\\\/wp-content\\\/uploads\\\/2024\\\/08\\\/BANNER-IWYTK-web-scaled.jpg\",\"datePublished\":\"2018-08-20T12:40:38+00:00\",\"dateModified\":\"2026-04-01T19:36:59+00:00\",\"description\":\"Dense breasts can decrease the effectiveness of mammography and increase your risk for breast cancer. Learn how you can minimize your risk.\",\"breadcrumb\":{\"@id\":\"https:\\\/\\\/densebreastscanada.ca\\\/#breadcrumb\"},\"inLanguage\":\"fr-CA\",\"potentialAction\":[{\"@type\":\"ReadAction\",\"target\":[\"https:\\\/\\\/densebreastscanada.ca\\\/\"]}]},{\"@type\":\"ImageObject\",\"inLanguage\":\"fr-CA\",\"@id\":\"https:\\\/\\\/densebreastscanada.ca\\\/#primaryimage\",\"url\":\"https:\\\/\\\/densebreastscanada.ca\\\/wp-content\\\/uploads\\\/2024\\\/08\\\/BANNER-IWYTK-web-scaled.jpg\",\"contentUrl\":\"https:\\\/\\\/densebreastscanada.ca\\\/wp-content\\\/uploads\\\/2024\\\/08\\\/BANNER-IWYTK-web-scaled.jpg\"},{\"@type\":\"BreadcrumbList\",\"@id\":\"https:\\\/\\\/densebreastscanada.ca\\\/#breadcrumb\",\"itemListElement\":[{\"@type\":\"ListItem\",\"position\":1,\"name\":\"Home\",\"item\":\"https:\\\/\\\/densebreastscanada.ca\\\/\"},{\"@type\":\"ListItem\",\"position\":2,\"name\":\"Home\"}]},{\"@type\":\"WebSite\",\"@id\":\"https:\\\/\\\/densebreastscanada.ca\\\/#website\",\"url\":\"https:\\\/\\\/densebreastscanada.ca\\\/\",\"name\":\"Dense Breasts Canada\",\"description\":\"Get the breast screening best for you\",\"publisher\":{\"@id\":\"https:\\\/\\\/densebreastscanada.ca\\\/#organization\"},\"potentialAction\":[{\"@type\":\"SearchAction\",\"target\":{\"@type\":\"EntryPoint\",\"urlTemplate\":\"https:\\\/\\\/densebreastscanada.ca\\\/?s={search_term_string}\"},\"query-input\":{\"@type\":\"PropertyValueSpecification\",\"valueRequired\":true,\"valueName\":\"search_term_string\"}}],\"inLanguage\":\"fr-CA\"},{\"@type\":\"Organization\",\"@id\":\"https:\\\/\\\/densebreastscanada.ca\\\/#organization\",\"name\":\"Dense Breasts Canada\",\"url\":\"https:\\\/\\\/densebreastscanada.ca\\\/\",\"logo\":{\"@type\":\"ImageObject\",\"inLanguage\":\"fr-CA\",\"@id\":\"https:\\\/\\\/densebreastscanada.ca\\\/#\\\/schema\\\/logo\\\/image\\\/\",\"url\":\"https:\\\/\\\/densebreastscanada.ca\\\/wp-content\\\/uploads\\\/2019\\\/04\\\/DenseBreastsCanada_Logo_H_C-150.png\",\"contentUrl\":\"https:\\\/\\\/densebreastscanada.ca\\\/wp-content\\\/uploads\\\/2019\\\/04\\\/DenseBreastsCanada_Logo_H_C-150.png\",\"width\":150,\"height\":37,\"caption\":\"Dense Breasts Canada\"},\"image\":{\"@id\":\"https:\\\/\\\/densebreastscanada.ca\\\/#\\\/schema\\\/logo\\\/image\\\/\"},\"sameAs\":[\"https:\\\/\\\/www.facebook.com\\\/densebreastscanada\\\/\",\"https:\\\/\\\/x.com\\\/densebreastscdn\",\"https:\\\/\\\/www.instagram.com\\\/densebreastscanada\\\/\"]}]}<\/script>\n<!-- \/ Yoast SEO plugin. -->","yoast_head_json":{"title":"Home | Dense Breasts Canada | Your Breast Health Matters.","description":"Dense breasts can decrease the effectiveness of mammography and increase your risk for breast cancer. Learn how you can minimize your risk.","robots":{"index":"index","follow":"follow","max-snippet":"max-snippet:-1","max-image-preview":"max-image-preview:large","max-video-preview":"max-video-preview:-1"},"canonical":"https:\/\/densebreastscanada.ca\/fr\/","og_locale":"fr_CA","og_type":"article","og_title":"Home | Dense Breasts Canada | Your Breast Health Matters.","og_description":"Dense breasts can decrease the effectiveness of mammography and increase your risk for breast cancer. Learn how you can minimize your risk.","og_url":"https:\/\/densebreastscanada.ca\/fr\/","og_site_name":"Dense Breasts Canada","article_publisher":"https:\/\/www.facebook.com\/densebreastscanada\/","article_modified_time":"2026-04-01T19:36:59+00:00","og_image":[{"url":"https:\/\/densebreastscanada.ca\/wp-content\/uploads\/2024\/08\/BANNER-IWYTK-web-scaled.jpg","type":"","width":"","height":""}],"twitter_card":"summary_large_image","twitter_site":"@densebreastscdn","twitter_misc":{"Estimation du temps de lecture":"5 minutes"},"schema":{"@context":"https:\/\/schema.org","@graph":[{"@type":"WebPage","@id":"https:\/\/densebreastscanada.ca\/","url":"https:\/\/densebreastscanada.ca\/","name":"Home | Dense Breasts Canada | Your Breast Health Matters.","isPartOf":{"@id":"https:\/\/densebreastscanada.ca\/#website"},"primaryImageOfPage":{"@id":"https:\/\/densebreastscanada.ca\/#primaryimage"},"image":{"@id":"https:\/\/densebreastscanada.ca\/#primaryimage"},"thumbnailUrl":"https:\/\/densebreastscanada.ca\/wp-content\/uploads\/2024\/08\/BANNER-IWYTK-web-scaled.jpg","datePublished":"2018-08-20T12:40:38+00:00","dateModified":"2026-04-01T19:36:59+00:00","description":"Dense breasts can decrease the effectiveness of mammography and increase your risk for breast cancer. Learn how you can minimize your risk.","breadcrumb":{"@id":"https:\/\/densebreastscanada.ca\/#breadcrumb"},"inLanguage":"fr-CA","potentialAction":[{"@type":"ReadAction","target":["https:\/\/densebreastscanada.ca\/"]}]},{"@type":"ImageObject","inLanguage":"fr-CA","@id":"https:\/\/densebreastscanada.ca\/#primaryimage","url":"https:\/\/densebreastscanada.ca\/wp-content\/uploads\/2024\/08\/BANNER-IWYTK-web-scaled.jpg","contentUrl":"https:\/\/densebreastscanada.ca\/wp-content\/uploads\/2024\/08\/BANNER-IWYTK-web-scaled.jpg"},{"@type":"BreadcrumbList","@id":"https:\/\/densebreastscanada.ca\/#breadcrumb","itemListElement":[{"@type":"ListItem","position":1,"name":"Home","item":"https:\/\/densebreastscanada.ca\/"},{"@type":"ListItem","position":2,"name":"Home"}]},{"@type":"WebSite","@id":"https:\/\/densebreastscanada.ca\/#website","url":"https:\/\/densebreastscanada.ca\/","name":"Dense Breasts Canada","description":"Get the breast screening best for you","publisher":{"@id":"https:\/\/densebreastscanada.ca\/#organization"},"potentialAction":[{"@type":"SearchAction","target":{"@type":"EntryPoint","urlTemplate":"https:\/\/densebreastscanada.ca\/?s={search_term_string}"},"query-input":{"@type":"PropertyValueSpecification","valueRequired":true,"valueName":"search_term_string"}}],"inLanguage":"fr-CA"},{"@type":"Organization","@id":"https:\/\/densebreastscanada.ca\/#organization","name":"Dense Breasts Canada","url":"https:\/\/densebreastscanada.ca\/","logo":{"@type":"ImageObject","inLanguage":"fr-CA","@id":"https:\/\/densebreastscanada.ca\/#\/schema\/logo\/image\/","url":"https:\/\/densebreastscanada.ca\/wp-content\/uploads\/2019\/04\/DenseBreastsCanada_Logo_H_C-150.png","contentUrl":"https:\/\/densebreastscanada.ca\/wp-content\/uploads\/2019\/04\/DenseBreastsCanada_Logo_H_C-150.png","width":150,"height":37,"caption":"Dense Breasts Canada"},"image":{"@id":"https:\/\/densebreastscanada.ca\/#\/schema\/logo\/image\/"},"sameAs":["https:\/\/www.facebook.com\/densebreastscanada\/","https:\/\/x.com\/densebreastscdn","https:\/\/www.instagram.com\/densebreastscanada\/"]}]}},"_links":{"self":[{"href":"https:\/\/densebreastscanada.ca\/fr\/wp-json\/wp\/v2\/pages\/2316","targetHints":{"allow":["GET"]}}],"collection":[{"href":"https:\/\/densebreastscanada.ca\/fr\/wp-json\/wp\/v2\/pages"}],"about":[{"href":"https:\/\/densebreastscanada.ca\/fr\/wp-json\/wp\/v2\/types\/page"}],"author":[{"embeddable":true,"href":"https:\/\/densebreastscanada.ca\/fr\/wp-json\/wp\/v2\/users\/4"}],"replies":[{"embeddable":true,"href":"https:\/\/densebreastscanada.ca\/fr\/wp-json\/wp\/v2\/comments?post=2316"}],"version-history":[{"count":0,"href":"https:\/\/densebreastscanada.ca\/fr\/wp-json\/wp\/v2\/pages\/2316\/revisions"}],"wp:attachment":[{"href":"https:\/\/densebreastscanada.ca\/fr\/wp-json\/wp\/v2\/media?parent=2316"}],"curies":[{"name":"wp","href":"https:\/\/api.w.org\/{rel}","templated":true}]}}