{"id":27,"date":"2016-09-09T11:52:48","date_gmt":"2016-09-09T11:52:48","guid":{"rendered":"https:\/\/densebreastscanada.ca\/?page_id=27"},"modified":"2026-02-18T16:52:05","modified_gmt":"2026-02-18T16:52:05","slug":"contact","status":"publish","type":"page","link":"https:\/\/densebreastscanada.ca\/fr\/contact\/","title":{"rendered":"Nous Joindre"},"content":{"rendered":"<h3>\n\t\t\tNOS COORDONN\u00c9ES\t<\/h3>\n\t<p>N\u2019h\u00e9sitez pas \u00e0 nous contacter en nous envoyant un courriel, en nous appelant ou en nous envoyant un message sur nos r\u00e9seaux sociaux.<\/p>\n<p>Si vous souhaitez joindre Jennie par appel ou par message texte, veuillez la contacter au 416-809-7976 entre 10 h et 21 h, heure de l\u2019Est. Elle se fera un plaisir de r\u00e9pondre \u00e0 vos questions, mais il est important de noter que nous ne sommes pas des professionnels de la sant\u00e9.<\/p>\n<p>&nbsp;<\/p>\n<h3>\n\t\t\tSuivez-nous sur les r\u00e9seaux sociaux\u2009!\t<\/h3>\n<h3>\n\t\t\tPOSTES B\u00c9N\u00c9VOLES\t<\/h3>\n\t<p>Dense Breasts Canada is a non-profit organization that relies solely on volunteers. We are a national group and need help in every province. There are many different ways to help that do not require a large time commitment, i.e. speaking to women, fundraising, graphic design, website help, visiting MPs or MLAs, MPPs, and helping to distribute materials. Read more about our <strong><a href=\"https:\/\/densebreastscanada.ca\/fr\/volunteer\/\">sur les diff\u00e9rents postes b\u00e9n\u00e9voles, cliquez ici.<\/a><\/strong><\/p>","protected":false},"excerpt":{"rendered":"<p>CONTACT DETAILS You can reach us by email or phone or a message on our social media: Phone or Text Jennie at 416-809-7976\u00a0 (10am &#8211; 9pm ET). Happy to answer questions but please note we are not physicians. &nbsp; CONNECT WITH US VOLUNTEER ROLES Dense Breasts Canada is a non-profit organization that relies solely on&hellip;<\/p>","protected":false},"author":4,"featured_media":0,"parent":0,"menu_order":0,"comment_status":"closed","ping_status":"closed","template":"","meta":{"om_disable_all_campaigns":false,"footnotes":"","_links_to":"","_links_to_target":""},"class_list":["post-27","page","type-page","status-publish","hentry"],"yoast_head":"<!-- This site is optimized with the Yoast SEO plugin v27.3 - https:\/\/yoast.com\/product\/yoast-seo-wordpress\/ -->\n<title>Contact | Dense Breasts Canada | Help us spread the word.<\/title>\n<meta name=\"description\" content=\"Dense Breasts Canada is a non-profit organization that relies solely on volunteers. We are a national group and need help in every province.\" \/>\n<meta name=\"robots\" content=\"index, follow, max-snippet:-1, max-image-preview:large, max-video-preview:-1\" \/>\n<link rel=\"canonical\" href=\"https:\/\/www.densebreastscanada.ca\/contact\/\" \/>\n<meta property=\"og:locale\" content=\"fr_CA\" \/>\n<meta property=\"og:type\" content=\"article\" \/>\n<meta property=\"og:title\" content=\"Contact | Dense Breasts Canada | Help us spread the word.\" \/>\n<meta property=\"og:description\" content=\"Dense Breasts Canada is a non-profit organization that relies solely on volunteers. We are a national group and need help in every province.\" \/>\n<meta property=\"og:url\" content=\"https:\/\/www.densebreastscanada.ca\/contact\/\" \/>\n<meta property=\"og:site_name\" content=\"Dense Breasts Canada\" \/>\n<meta property=\"article:publisher\" content=\"https:\/\/www.facebook.com\/densebreastscanada\/\" \/>\n<meta property=\"article:modified_time\" content=\"2026-02-18T16:52:05+00:00\" \/>\n<meta name=\"twitter:card\" content=\"summary_large_image\" \/>\n<meta name=\"twitter:site\" content=\"@densebreastscdn\" \/>\n<meta name=\"twitter:label1\" content=\"Estimation du temps de lecture\" \/>\n\t<meta name=\"twitter:data1\" content=\"1 minute\" \/>\n<script type=\"application\/ld+json\" class=\"yoast-schema-graph\">{\"@context\":\"https:\\\/\\\/schema.org\",\"@graph\":[{\"@type\":\"WebPage\",\"@id\":\"https:\\\/\\\/www.densebreastscanada.ca\\\/contact\\\/\",\"url\":\"https:\\\/\\\/www.densebreastscanada.ca\\\/contact\\\/\",\"name\":\"Contact | Dense Breasts Canada | Help us spread the word.\",\"isPartOf\":{\"@id\":\"https:\\\/\\\/densebreastscanada.ca\\\/#website\"},\"datePublished\":\"2016-09-09T11:52:48+00:00\",\"dateModified\":\"2026-02-18T16:52:05+00:00\",\"description\":\"Dense Breasts Canada is a non-profit organization that relies solely on volunteers. We are a national group and need help in every province.\",\"breadcrumb\":{\"@id\":\"https:\\\/\\\/www.densebreastscanada.ca\\\/contact\\\/#breadcrumb\"},\"inLanguage\":\"fr-CA\",\"potentialAction\":[{\"@type\":\"ReadAction\",\"target\":[\"https:\\\/\\\/www.densebreastscanada.ca\\\/contact\\\/\"]}]},{\"@type\":\"BreadcrumbList\",\"@id\":\"https:\\\/\\\/www.densebreastscanada.ca\\\/contact\\\/#breadcrumb\",\"itemListElement\":[{\"@type\":\"ListItem\",\"position\":1,\"name\":\"Home\",\"item\":\"https:\\\/\\\/densebreastscanada.ca\\\/\"},{\"@type\":\"ListItem\",\"position\":2,\"name\":\"Contact\"}]},{\"@type\":\"WebSite\",\"@id\":\"https:\\\/\\\/densebreastscanada.ca\\\/#website\",\"url\":\"https:\\\/\\\/densebreastscanada.ca\\\/\",\"name\":\"Dense Breasts Canada\",\"description\":\"Get the breast screening best for you\",\"publisher\":{\"@id\":\"https:\\\/\\\/densebreastscanada.ca\\\/#organization\"},\"potentialAction\":[{\"@type\":\"SearchAction\",\"target\":{\"@type\":\"EntryPoint\",\"urlTemplate\":\"https:\\\/\\\/densebreastscanada.ca\\\/?s={search_term_string}\"},\"query-input\":{\"@type\":\"PropertyValueSpecification\",\"valueRequired\":true,\"valueName\":\"search_term_string\"}}],\"inLanguage\":\"fr-CA\"},{\"@type\":\"Organization\",\"@id\":\"https:\\\/\\\/densebreastscanada.ca\\\/#organization\",\"name\":\"Dense Breasts Canada\",\"url\":\"https:\\\/\\\/densebreastscanada.ca\\\/\",\"logo\":{\"@type\":\"ImageObject\",\"inLanguage\":\"fr-CA\",\"@id\":\"https:\\\/\\\/densebreastscanada.ca\\\/#\\\/schema\\\/logo\\\/image\\\/\",\"url\":\"https:\\\/\\\/densebreastscanada.ca\\\/wp-content\\\/uploads\\\/2019\\\/04\\\/DenseBreastsCanada_Logo_H_C-150.png\",\"contentUrl\":\"https:\\\/\\\/densebreastscanada.ca\\\/wp-content\\\/uploads\\\/2019\\\/04\\\/DenseBreastsCanada_Logo_H_C-150.png\",\"width\":150,\"height\":37,\"caption\":\"Dense Breasts Canada\"},\"image\":{\"@id\":\"https:\\\/\\\/densebreastscanada.ca\\\/#\\\/schema\\\/logo\\\/image\\\/\"},\"sameAs\":[\"https:\\\/\\\/www.facebook.com\\\/densebreastscanada\\\/\",\"https:\\\/\\\/x.com\\\/densebreastscdn\",\"https:\\\/\\\/www.instagram.com\\\/densebreastscanada\\\/\"]}]}<\/script>\n<!-- \/ Yoast SEO plugin. -->","yoast_head_json":{"title":"Contact | Dense Breasts Canada | Help us spread the word.","description":"Dense Breasts Canada is a non-profit organization that relies solely on volunteers. We are a national group and need help in every province.","robots":{"index":"index","follow":"follow","max-snippet":"max-snippet:-1","max-image-preview":"max-image-preview:large","max-video-preview":"max-video-preview:-1"},"canonical":"https:\/\/www.densebreastscanada.ca\/contact\/","og_locale":"fr_CA","og_type":"article","og_title":"Contact | Dense Breasts Canada | Help us spread the word.","og_description":"Dense Breasts Canada is a non-profit organization that relies solely on volunteers. We are a national group and need help in every province.","og_url":"https:\/\/www.densebreastscanada.ca\/contact\/","og_site_name":"Dense Breasts Canada","article_publisher":"https:\/\/www.facebook.com\/densebreastscanada\/","article_modified_time":"2026-02-18T16:52:05+00:00","twitter_card":"summary_large_image","twitter_site":"@densebreastscdn","twitter_misc":{"Estimation du temps de lecture":"1 minute"},"schema":{"@context":"https:\/\/schema.org","@graph":[{"@type":"WebPage","@id":"https:\/\/www.densebreastscanada.ca\/contact\/","url":"https:\/\/www.densebreastscanada.ca\/contact\/","name":"Contact | Dense Breasts Canada | Help us spread the word.","isPartOf":{"@id":"https:\/\/densebreastscanada.ca\/#website"},"datePublished":"2016-09-09T11:52:48+00:00","dateModified":"2026-02-18T16:52:05+00:00","description":"Dense Breasts Canada is a non-profit organization that relies solely on volunteers. We are a national group and need help in every province.","breadcrumb":{"@id":"https:\/\/www.densebreastscanada.ca\/contact\/#breadcrumb"},"inLanguage":"fr-CA","potentialAction":[{"@type":"ReadAction","target":["https:\/\/www.densebreastscanada.ca\/contact\/"]}]},{"@type":"BreadcrumbList","@id":"https:\/\/www.densebreastscanada.ca\/contact\/#breadcrumb","itemListElement":[{"@type":"ListItem","position":1,"name":"Home","item":"https:\/\/densebreastscanada.ca\/"},{"@type":"ListItem","position":2,"name":"Contact"}]},{"@type":"WebSite","@id":"https:\/\/densebreastscanada.ca\/#website","url":"https:\/\/densebreastscanada.ca\/","name":"Dense Breasts Canada","description":"Get the breast screening best for you","publisher":{"@id":"https:\/\/densebreastscanada.ca\/#organization"},"potentialAction":[{"@type":"SearchAction","target":{"@type":"EntryPoint","urlTemplate":"https:\/\/densebreastscanada.ca\/?s={search_term_string}"},"query-input":{"@type":"PropertyValueSpecification","valueRequired":true,"valueName":"search_term_string"}}],"inLanguage":"fr-CA"},{"@type":"Organization","@id":"https:\/\/densebreastscanada.ca\/#organization","name":"Dense Breasts Canada","url":"https:\/\/densebreastscanada.ca\/","logo":{"@type":"ImageObject","inLanguage":"fr-CA","@id":"https:\/\/densebreastscanada.ca\/#\/schema\/logo\/image\/","url":"https:\/\/densebreastscanada.ca\/wp-content\/uploads\/2019\/04\/DenseBreastsCanada_Logo_H_C-150.png","contentUrl":"https:\/\/densebreastscanada.ca\/wp-content\/uploads\/2019\/04\/DenseBreastsCanada_Logo_H_C-150.png","width":150,"height":37,"caption":"Dense Breasts Canada"},"image":{"@id":"https:\/\/densebreastscanada.ca\/#\/schema\/logo\/image\/"},"sameAs":["https:\/\/www.facebook.com\/densebreastscanada\/","https:\/\/x.com\/densebreastscdn","https:\/\/www.instagram.com\/densebreastscanada\/"]}]}},"_links":{"self":[{"href":"https:\/\/densebreastscanada.ca\/fr\/wp-json\/wp\/v2\/pages\/27","targetHints":{"allow":["GET"]}}],"collection":[{"href":"https:\/\/densebreastscanada.ca\/fr\/wp-json\/wp\/v2\/pages"}],"about":[{"href":"https:\/\/densebreastscanada.ca\/fr\/wp-json\/wp\/v2\/types\/page"}],"author":[{"embeddable":true,"href":"https:\/\/densebreastscanada.ca\/fr\/wp-json\/wp\/v2\/users\/4"}],"replies":[{"embeddable":true,"href":"https:\/\/densebreastscanada.ca\/fr\/wp-json\/wp\/v2\/comments?post=27"}],"version-history":[{"count":0,"href":"https:\/\/densebreastscanada.ca\/fr\/wp-json\/wp\/v2\/pages\/27\/revisions"}],"wp:attachment":[{"href":"https:\/\/densebreastscanada.ca\/fr\/wp-json\/wp\/v2\/media?parent=27"}],"curies":[{"name":"wp","href":"https:\/\/api.w.org\/{rel}","templated":true}]}}