{"id":50250,"date":"2023-10-16T18:37:50","date_gmt":"2023-10-16T18:37:50","guid":{"rendered":"https:\/\/densebreastscanada.ca\/?page_id=50250"},"modified":"2025-04-16T18:55:04","modified_gmt":"2025-04-16T18:55:04","slug":"lisa-test","status":"publish","type":"page","link":"https:\/\/densebreastscanada.ca\/fr\/lisa-test\/","title":{"rendered":"Lisa Test"},"content":{"rendered":"<h3>\n\t\tPlaidoyers et transformations majeures\n\t<\/h3>\n\t<p>Depuis sa fondation en 2016, Seins Denses Canada (SDC) s\u2019est impos\u00e9 comme une force majeure dans la promotion de politiques de d\u00e9pistage du cancer du sein plus efficaces et dans l\u2019\u00e9ducation du public \u00e0 l\u2019\u00e9chelle nationale. Gr\u00e2ce \u00e0 un engagement sans faille, SDC a r\u00e9ussi \u00e0 accomplir des progr\u00e8s significatifs en obtenant des modifications de politiques ax\u00e9es sur la d\u00e9tection pr\u00e9coce et un acc\u00e8s \u00e9quitable pour toutes les femmes<\/p>\n\t\t\t\t\t\t<h3>\n\t\t\t\t<a href=\"https:\/\/densebreastscanada.ca\/fr\/breast-density-notification\/\" title=\"Notification concernant la densit\u00e9 mammaire\" tabindex=\"0\">Notification concernant la densit\u00e9 mammaire<\/a>\t\t\t<\/h3>\n\t\t\t\t\t\t\t\t<p>Avant que Seins Denses Canada (SDC) ne lance ses campagnes de sensibilisation, aucune femme au pays n\u2019\u00e9tait inform\u00e9e de sa densit\u00e9 mammaire. Aujourd\u2019hui, des avanc\u00e9es significatives ont \u00e9t\u00e9 r\u00e9alis\u00e9es : Dans neuf provinces et territoires, les femmes re\u00e7oivent maintenant, par la poste, leur cat\u00e9gorie de densit\u00e9 mammaire (A, B, C ou D).\nDans les provinces de la Saskatchewan, du Qu\u00e9bec et de Terre-Neuve-et-Labrador, les donn\u00e9es de sant\u00e9 des patientes sont directement accessibles via la plateforme en ligne de sant\u00e9 des patientes. <\/p>\n\t\t\t\t\t\t<h3>\n\t\t\t\t<a href=\"https:\/\/densebreastscanada.ca\/fr\/lowering-the-screening-age-to-40\/\" title=\"Lowering the Screening Age to 40\" tabindex=\"0\">Lowering the Screening Age to 40<\/a>\t\t\t<\/h3>\n\t\t\t\t\t\t\t\t<p>When DBC began, only four provinces\/ territories (BC, NS, PEI, YT) were offering self-referral mammograms for women starting at age 40. DBC successfully advocated alongside medical professionals and patient advocates and in 2024\/25, three additional jurisdictions (ON, NB, NL) lowered the screening age from 50 to 40. SK and MB will also lower the age to 40 in a phased approach. <\/p>\n\t\t\t\t\t\t<h3>\n\t\t\t\t<a href=\"https:\/\/densebreastscanada.ca\/fr\/supplemental-screening-for-women-with-dense-breasts\/\" title=\"D\u00e9pistage compl\u00e9mentaire pour les femmes dont la densit\u00e9 mammaire est \u00e9lev\u00e9e\" tabindex=\"0\">D\u00e9pistage compl\u00e9mentaire pour les femmes dont la densit\u00e9 mammaire est \u00e9lev\u00e9e<\/a>\t\t\t<\/h3>\n\t\t\t\t\t\t\t\t<p>Avant la cr\u00e9ation de SDC, le d\u00e9pistage compl\u00e9mentaire pour les femmes ayant une densit\u00e9 mammaire \u00e9lev\u00e9en\u2019\u00e9tait pas largement disponible. Cependant, gr\u00e2ce aux efforts incessants de SDC, des avanc\u00e9es majeures ont \u00e9t\u00e9 r\u00e9alis\u00e9es. Aujourd\u2019hui, les femmes vivant en Colombie-Britannique, en Alberta, dans les Territoires du Nord-Ouest, en Saskatchewan et en Ontario ont acc\u00e8s \u00e0 un d\u00e9pistage compl\u00e9mentaire. <\/p>\n\t\t\t\t\t\t<h3>\n\t\t\t\t<a href=\"https:\/\/densebreastscanada.ca\/fr\/challenging-the-canadian-task-force-on-preventive-health-care-guidelines\/\" title=\"Contester les lignes directrices \u00e9mises par le Groupe d\u2019\u00e9tude canadien sur les soins de sant\u00e9 pr\u00e9ventifs (GECSSP)\" tabindex=\"0\">Contester les lignes directrices \u00e9mises par le Groupe d\u2019\u00e9tude canadien sur les soins de sant\u00e9 pr\u00e9ventifs (GECSSP)<\/a>\t\t\t<\/h3>\n\t\t\t\t\t\t\t\t<p>DBC has led efforts to expose flaws in how the Canadian Task Force on Preventive Health Care develops national guidelines. Through testimony to parliamentary committees and meetings with PHAC, DBC raised key concerns about governance, oversight, and the need for up-to-date evidence and expert input in Canada&#8217;s breast screening guidelines. This advocacy resulted in a review of the guideline development process and a pause in the Task Force&#8217;s work.<\/p>\n\t\t\t\t\t\t<h3>\n\t\t\t\t<a href=\"https:\/\/densebreastscanada.ca\/fr\/raising-awareness\/\" title=\"Sensibilisation\" tabindex=\"0\">Sensibilisation<\/a>\t\t\t<\/h3>\n\t\t\t\t\t\t\t\t<p>Au-del\u00e0 des changements de politiqueS, l\u2019organisation a accompli des progr\u00e8s remarquables dans la sensibilisation du public \u00e0 l\u2019importance du d\u00e9pistage du cancer du sein. Gr\u00e2ce \u00e0 des campagnes \u00e9ducatives, \u00e0 une pr\u00e9sence accrue sur les r\u00e9seaux sociaux et \u00e0 des partenariats avec des sp\u00e9cialistes en cancer du sein, SDC a permis aux femmes d\u2019acqu\u00e9rir les comp\u00e9tences n\u00e9cessaires pour assurer activement leur sant\u00e9 et prendre des d\u00e9cisions \u00e9clair\u00e9es.<\/p>\n\t\t\t\t\t\t<h3>\n\t\t\t\t<a href=\"https:\/\/densebreastscanada.ca\/fr\/public-support-and-grassroots-mobilization\/\" title=\"Soutien public et mobilisation citoyenne\" tabindex=\"0\">Soutien public et mobilisation citoyenne<\/a>\t\t\t<\/h3>\n\t\t\t\t\t\t\t\t<p>SDC a r\u00e9ussi \u00e0 obtenir le soutien du public pour des politiques de d\u00e9pistage plus efficaces. Gr\u00e2ce \u00e0 son discours et \u00e0 son engagement dans la communaut\u00e9, SDC a renforc\u00e9 la voix des femmes au Canada qui demandent un acc\u00e8s accru au d\u00e9pistage du cancer du sein.<\/p>","protected":false},"excerpt":{"rendered":"<p>Advocacy Milestones and Impactful Changes Since its founding in 2016, Dense Breasts Canada (DBC) has emerged as a leading force in advocating for improved breast cancer screening policies and public awareness across the country. Through tireless efforts, DBC has made significant strides in achieving policy changes that prioritize early detection and equitable access to screening&hellip;<\/p>","protected":false},"author":6,"featured_media":0,"parent":0,"menu_order":0,"comment_status":"closed","ping_status":"closed","template":"","meta":{"om_disable_all_campaigns":false,"footnotes":"","_links_to":"","_links_to_target":""},"class_list":["post-50250","page","type-page","status-publish","hentry"],"yoast_head":"<!-- This site is optimized with the Yoast SEO plugin v27.4 - https:\/\/yoast.com\/product\/yoast-seo-wordpress\/ -->\n<title>Lisa Test | Dense Breasts Canada | Awareness and Advocacy.<\/title>\n<meta name=\"description\" content=\"Dense Breasts Canada is a non-profit organization dedicated to raising awareness about the risks associated with dense breasts.\" \/>\n<meta name=\"robots\" content=\"index, follow, max-snippet:-1, max-image-preview:large, max-video-preview:-1\" \/>\n<link rel=\"canonical\" href=\"https:\/\/www.densebreastscanada.ca\/lisa-test\/\" \/>\n<meta property=\"og:locale\" content=\"fr_CA\" \/>\n<meta property=\"og:type\" content=\"article\" \/>\n<meta property=\"og:title\" content=\"Lisa Test | Dense Breasts Canada | Awareness and Advocacy.\" \/>\n<meta property=\"og:description\" content=\"Dense Breasts Canada is a non-profit organization dedicated to raising awareness about the risks associated with dense breasts.\" \/>\n<meta property=\"og:url\" content=\"https:\/\/www.densebreastscanada.ca\/lisa-test\/\" \/>\n<meta property=\"og:site_name\" content=\"Dense Breasts Canada\" \/>\n<meta property=\"article:publisher\" content=\"https:\/\/www.facebook.com\/densebreastscanada\/\" \/>\n<meta property=\"article:modified_time\" content=\"2025-04-16T18:55:04+00:00\" \/>\n<meta name=\"twitter:card\" content=\"summary_large_image\" \/>\n<meta name=\"twitter:site\" content=\"@densebreastscdn\" \/>\n<meta name=\"twitter:label1\" content=\"Estimation du temps de lecture\" \/>\n\t<meta name=\"twitter:data1\" content=\"6 minutes\" \/>\n<script type=\"application\/ld+json\" class=\"yoast-schema-graph\">{\"@context\":\"https:\\\/\\\/schema.org\",\"@graph\":[{\"@type\":\"WebPage\",\"@id\":\"https:\\\/\\\/www.densebreastscanada.ca\\\/lisa-test\\\/\",\"url\":\"https:\\\/\\\/www.densebreastscanada.ca\\\/lisa-test\\\/\",\"name\":\"Lisa Test | Dense Breasts Canada | Awareness and Advocacy.\",\"isPartOf\":{\"@id\":\"https:\\\/\\\/densebreastscanada.ca\\\/#website\"},\"datePublished\":\"2023-10-16T18:37:50+00:00\",\"dateModified\":\"2025-04-16T18:55:04+00:00\",\"description\":\"Dense Breasts Canada is a non-profit organization dedicated to raising awareness about the risks associated with dense breasts.\",\"breadcrumb\":{\"@id\":\"https:\\\/\\\/www.densebreastscanada.ca\\\/lisa-test\\\/#breadcrumb\"},\"inLanguage\":\"fr-CA\",\"potentialAction\":[{\"@type\":\"ReadAction\",\"target\":[\"https:\\\/\\\/www.densebreastscanada.ca\\\/lisa-test\\\/\"]}]},{\"@type\":\"BreadcrumbList\",\"@id\":\"https:\\\/\\\/www.densebreastscanada.ca\\\/lisa-test\\\/#breadcrumb\",\"itemListElement\":[{\"@type\":\"ListItem\",\"position\":1,\"name\":\"Home\",\"item\":\"https:\\\/\\\/densebreastscanada.ca\\\/\"},{\"@type\":\"ListItem\",\"position\":2,\"name\":\"Lisa Test\"}]},{\"@type\":\"WebSite\",\"@id\":\"https:\\\/\\\/densebreastscanada.ca\\\/#website\",\"url\":\"https:\\\/\\\/densebreastscanada.ca\\\/\",\"name\":\"Dense Breasts Canada\",\"description\":\"Get the breast screening best for you\",\"publisher\":{\"@id\":\"https:\\\/\\\/densebreastscanada.ca\\\/#organization\"},\"potentialAction\":[{\"@type\":\"SearchAction\",\"target\":{\"@type\":\"EntryPoint\",\"urlTemplate\":\"https:\\\/\\\/densebreastscanada.ca\\\/?s={search_term_string}\"},\"query-input\":{\"@type\":\"PropertyValueSpecification\",\"valueRequired\":true,\"valueName\":\"search_term_string\"}}],\"inLanguage\":\"fr-CA\"},{\"@type\":\"Organization\",\"@id\":\"https:\\\/\\\/densebreastscanada.ca\\\/#organization\",\"name\":\"Dense Breasts Canada\",\"url\":\"https:\\\/\\\/densebreastscanada.ca\\\/\",\"logo\":{\"@type\":\"ImageObject\",\"inLanguage\":\"fr-CA\",\"@id\":\"https:\\\/\\\/densebreastscanada.ca\\\/#\\\/schema\\\/logo\\\/image\\\/\",\"url\":\"https:\\\/\\\/densebreastscanada.ca\\\/wp-content\\\/uploads\\\/2019\\\/04\\\/DenseBreastsCanada_Logo_H_C-150.png\",\"contentUrl\":\"https:\\\/\\\/densebreastscanada.ca\\\/wp-content\\\/uploads\\\/2019\\\/04\\\/DenseBreastsCanada_Logo_H_C-150.png\",\"width\":150,\"height\":37,\"caption\":\"Dense Breasts Canada\"},\"image\":{\"@id\":\"https:\\\/\\\/densebreastscanada.ca\\\/#\\\/schema\\\/logo\\\/image\\\/\"},\"sameAs\":[\"https:\\\/\\\/www.facebook.com\\\/densebreastscanada\\\/\",\"https:\\\/\\\/x.com\\\/densebreastscdn\",\"https:\\\/\\\/www.instagram.com\\\/densebreastscanada\\\/\"]}]}<\/script>\n<!-- \/ Yoast SEO plugin. -->","yoast_head_json":{"title":"Lisa Test | Dense Breasts Canada | Awareness and Advocacy.","description":"Dense Breasts Canada is a non-profit organization dedicated to raising awareness about the risks associated with dense breasts.","robots":{"index":"index","follow":"follow","max-snippet":"max-snippet:-1","max-image-preview":"max-image-preview:large","max-video-preview":"max-video-preview:-1"},"canonical":"https:\/\/www.densebreastscanada.ca\/lisa-test\/","og_locale":"fr_CA","og_type":"article","og_title":"Lisa Test | Dense Breasts Canada | Awareness and Advocacy.","og_description":"Dense Breasts Canada is a non-profit organization dedicated to raising awareness about the risks associated with dense breasts.","og_url":"https:\/\/www.densebreastscanada.ca\/lisa-test\/","og_site_name":"Dense Breasts Canada","article_publisher":"https:\/\/www.facebook.com\/densebreastscanada\/","article_modified_time":"2025-04-16T18:55:04+00:00","twitter_card":"summary_large_image","twitter_site":"@densebreastscdn","twitter_misc":{"Estimation du temps de lecture":"6 minutes"},"schema":{"@context":"https:\/\/schema.org","@graph":[{"@type":"WebPage","@id":"https:\/\/www.densebreastscanada.ca\/lisa-test\/","url":"https:\/\/www.densebreastscanada.ca\/lisa-test\/","name":"Lisa Test | Dense Breasts Canada | Awareness and Advocacy.","isPartOf":{"@id":"https:\/\/densebreastscanada.ca\/#website"},"datePublished":"2023-10-16T18:37:50+00:00","dateModified":"2025-04-16T18:55:04+00:00","description":"Dense Breasts Canada is a non-profit organization dedicated to raising awareness about the risks associated with dense breasts.","breadcrumb":{"@id":"https:\/\/www.densebreastscanada.ca\/lisa-test\/#breadcrumb"},"inLanguage":"fr-CA","potentialAction":[{"@type":"ReadAction","target":["https:\/\/www.densebreastscanada.ca\/lisa-test\/"]}]},{"@type":"BreadcrumbList","@id":"https:\/\/www.densebreastscanada.ca\/lisa-test\/#breadcrumb","itemListElement":[{"@type":"ListItem","position":1,"name":"Home","item":"https:\/\/densebreastscanada.ca\/"},{"@type":"ListItem","position":2,"name":"Lisa Test"}]},{"@type":"WebSite","@id":"https:\/\/densebreastscanada.ca\/#website","url":"https:\/\/densebreastscanada.ca\/","name":"Dense Breasts Canada","description":"Get the breast screening best for you","publisher":{"@id":"https:\/\/densebreastscanada.ca\/#organization"},"potentialAction":[{"@type":"SearchAction","target":{"@type":"EntryPoint","urlTemplate":"https:\/\/densebreastscanada.ca\/?s={search_term_string}"},"query-input":{"@type":"PropertyValueSpecification","valueRequired":true,"valueName":"search_term_string"}}],"inLanguage":"fr-CA"},{"@type":"Organization","@id":"https:\/\/densebreastscanada.ca\/#organization","name":"Dense Breasts Canada","url":"https:\/\/densebreastscanada.ca\/","logo":{"@type":"ImageObject","inLanguage":"fr-CA","@id":"https:\/\/densebreastscanada.ca\/#\/schema\/logo\/image\/","url":"https:\/\/densebreastscanada.ca\/wp-content\/uploads\/2019\/04\/DenseBreastsCanada_Logo_H_C-150.png","contentUrl":"https:\/\/densebreastscanada.ca\/wp-content\/uploads\/2019\/04\/DenseBreastsCanada_Logo_H_C-150.png","width":150,"height":37,"caption":"Dense Breasts Canada"},"image":{"@id":"https:\/\/densebreastscanada.ca\/#\/schema\/logo\/image\/"},"sameAs":["https:\/\/www.facebook.com\/densebreastscanada\/","https:\/\/x.com\/densebreastscdn","https:\/\/www.instagram.com\/densebreastscanada\/"]}]}},"_links":{"self":[{"href":"https:\/\/densebreastscanada.ca\/fr\/wp-json\/wp\/v2\/pages\/50250","targetHints":{"allow":["GET"]}}],"collection":[{"href":"https:\/\/densebreastscanada.ca\/fr\/wp-json\/wp\/v2\/pages"}],"about":[{"href":"https:\/\/densebreastscanada.ca\/fr\/wp-json\/wp\/v2\/types\/page"}],"author":[{"embeddable":true,"href":"https:\/\/densebreastscanada.ca\/fr\/wp-json\/wp\/v2\/users\/6"}],"replies":[{"embeddable":true,"href":"https:\/\/densebreastscanada.ca\/fr\/wp-json\/wp\/v2\/comments?post=50250"}],"version-history":[{"count":0,"href":"https:\/\/densebreastscanada.ca\/fr\/wp-json\/wp\/v2\/pages\/50250\/revisions"}],"wp:attachment":[{"href":"https:\/\/densebreastscanada.ca\/fr\/wp-json\/wp\/v2\/media?parent=50250"}],"curies":[{"name":"wp","href":"https:\/\/api.w.org\/{rel}","templated":true}]}}