{"id":95391,"date":"2024-10-25T18:35:50","date_gmt":"2024-10-25T18:35:50","guid":{"rendered":"https:\/\/densebreastscanada.ca\/?page_id=95391"},"modified":"2024-10-28T14:36:35","modified_gmt":"2024-10-28T14:36:35","slug":"new-homepage-template","status":"publish","type":"page","link":"https:\/\/densebreastscanada.ca\/fr\/new-homepage-template\/","title":{"rendered":"New Homepage Template"},"content":{"rendered":"<img loading=\"lazy\" decoding=\"async\" src=\"https:\/\/densebreastscanada.ca\/wp-content\/uploads\/2024\/08\/BANNER-IWYTK-web-scaled.jpg\" alt=\"BANNER-IWYTK-web\" itemprop=\"image\" height=\"609\" width=\"1600\" title=\"BANNER-IWYTK-web\" onerror=\"this.style.display='none'\"  \/>\n\t\t<h1>\n\t\t\tIt&#8217;s your health. Be breast informed.\n\t\t<\/h1>\n\t\t\tInformez-vous sur les pratiques de d\u00e9pistage de votre \nprovince ou territoire, sur l\u2019\u00e9tat de la recherche et sur \nles moyens de r\u00e9clamer les examens qu\u2019il vous faut.<br \/>\nMake the best decisions for your health. We are here to help. \n\t\t\tAbout Dense Breasts\n\t\t\n\t\t\t<p>Dense breasts increase your risk for breast cancer and dense breasts make it difficult for breast cancer to be seen on a mammogram. You can to minimize your risk. Know and understand your breast density.<\/p>\t\t\n\t\t\t<a href=\"https:\/\/densebreastscanada.ca\/fr\/faq\/\" target=\"_self\" rel=\"noopener\">\n\t\t\t\t\t\t\tEn savoir plus\n\t\t\t\t\t<\/a>\n\t\t\t\t<img loading=\"lazy\" decoding=\"async\" src=\"https:\/\/densebreastscanada.ca\/wp-content\/uploads\/2024\/10\/Screen-Shot-2024-10-28-at-8.51.29-AM.png\" alt=\"Screen Shot 2024-10-28 at 8.51.29 AM\" itemprop=\"image\" height=\"976\" width=\"1600\" title=\"Screen Shot 2024-10-28 at 8.51.29 AM\" onerror=\"this.style.display='none'\"  \/>\n\t\t\t\t<img loading=\"lazy\" decoding=\"async\" src=\"https:\/\/densebreastscanada.ca\/wp-content\/uploads\/2024\/10\/website-provinces-graphic.jpg\" alt=\"website provinces graphic\" itemprop=\"image\" height=\"642\" width=\"726\" title=\"website provinces graphic\" onerror=\"this.style.display='none'\"  \/>\n\t\t\tPratiques de d\u00e9pistage du cancer du sein dans votre province\n\t\t\n\t\t\t<p>Renseignez-vous facilement sur les \npratiques du programme de d\u00e9pistage de votre province ou territoire, sur les derni\u00e8res recherches men\u00e9es par les experts du cancer du sein et sur la mani\u00e8re de plaider en faveur du d\u00e9pistage dont vous avez besoin.<\/p>\t\t\n\t\t\t<a href=\"https:\/\/densebreastscanada.ca\/fr\/my-province\/\" target=\"_self\" rel=\"noopener\">\n\t\t\t\t\t\t\tEn savoir plus\n\t\t\t\t\t<\/a>\n\t\t\tT\u00e9moignages\n\t\t\n\t\t\t<p>Read the powerful stories of those with lived experience with breast cancer and what they would like those WITHOUT breast cancer to know.<\/p>\t\t\n\t\t\t<a href=\"https:\/\/densebreastscanada.ca\/fr\/submit-your-story\/\" target=\"_self\" rel=\"noopener\">\n\t\t\t\t\t\t\tEn savoir plus\n\t\t\t\t\t<\/a>\n\t\t\t\t<img loading=\"lazy\" decoding=\"async\" src=\"https:\/\/densebreastscanada.ca\/wp-content\/uploads\/2023\/09\/Facebook-Cover_IWANTYOUTOKNOW-scaled.jpeg\" alt=\"Facebook Cover_IWANTYOUTOKNOW\" itemprop=\"image\" height=\"1600\" width=\"1600\" title=\"Facebook Cover_IWANTYOUTOKNOW\" onerror=\"this.style.display='none'\"  \/>\n\t\t\t\t<img loading=\"lazy\" decoding=\"async\" src=\"https:\/\/densebreastscanada.ca\/wp-content\/uploads\/2024\/04\/iStock-1326567752-scaled.jpg\" alt=\"Powerful women achieving extraordinary results\" itemprop=\"image\" height=\"1067\" width=\"1600\" title=\"Portrait of a group of confident businesswomen standing together in an office\" onerror=\"this.style.display='none'\"  \/>\n\t\t\tComment faire valoir \nvos besoins aupr\u00e8s d\u2019un \nprofessionnel de la sant\u00e9 ?\n\t\t\n\t\t\t<p>Learn how you can advocate for your own heath and breast screening needs. A mammogram is not enough for women with dense breasts. The most lives are saved by screening starting at 40.<\/p>\t\t\n\t\t\t<a href=\"https:\/\/densebreastscanada.ca\/fr\/be-an-advocate\/\" target=\"_self\" rel=\"noopener\">\n\t\t\t\t\t\t\tEn savoir plus\n\t\t\t\t\t<\/a>\n\t\t\tIssues with Canada&#8217;s Breast Cancer Screening Guidelines\n\t\t\n\t\t\t<p>On May 30, 2024, The Canadian Task Force on Preventive Health Care (Task Force) released its draft breast cancer screening guidelines. Dense Breasts Canada is deeply concerned that the guideline update process lacked accountability, transparency, scientific rigour, equity, objectivity, and credibility.<\/p>\t\t\n\t\t\t<a href=\"https:\/\/densebreastscanada.ca\/fr\/screening-guideline-concerns\/\" target=\"_self\" rel=\"noopener\">\n\t\t\t\t\t\t\tEn savoir plus\n\t\t\t\t\t<\/a>\n\t\t\t\t<img loading=\"lazy\" decoding=\"async\" src=\"https:\/\/densebreastscanada.ca\/wp-content\/uploads\/2021\/06\/MAP-gray-line-removed-scaled.jpg\" alt=\"Breast Cancer Screening in Canada\" itemprop=\"image\" height=\"1301\" width=\"1600\" title=\"MAP-gray-line-removed\" onerror=\"this.style.display='none'\"  \/>\n<h2>\n\t\tStay informed. Read our guides and reports.\n\t<\/h2>\n\t\t\t\t<img loading=\"lazy\" decoding=\"async\" src=\"https:\/\/densebreastscanada.ca\/wp-content\/uploads\/2023\/10\/Breast-Screening-advocacy-toolkit-1.png\" alt=\"Breast Screening advocacy toolkit\" itemprop=\"image\" height=\"500\" width=\"500\" title=\"Breast Screening advocacy toolkit\" onerror=\"this.style.display='none'\"  \/>\n<h2>\n\t\tBo\u00eete \u00e0 outils de plaidoyer pour un d\u00e9pistage adapt\u00e9\n\t<\/h2>\n\t<p><a href=\"https:\/\/densebreastscanada.ca\/wp-content\/uploads\/2024\/09\/DBC-Advocacy-Guide-Sept-2024.pdf\">Lire le document<\/a><\/p>\n\t\t\t\t<img loading=\"lazy\" decoding=\"async\" src=\"https:\/\/densebreastscanada.ca\/wp-content\/uploads\/2023\/10\/blue-map-of-Canada.png\" alt=\"blue map of Canada\" itemprop=\"image\" height=\"500\" width=\"500\" title=\"blue map of Canada\" onerror=\"this.style.display='none'\"  \/>\n<h2>\n\t\tVotre guide complet du d\u00e9pistage du cancer du sein\n\t<\/h2>\n\t<p><a href=\"https:\/\/densebreastscanada.ca\/wp-content\/uploads\/2024\/07\/DBC-Screening-Guide_draft15_optimized-1.pdf\">Lire le document<\/a><\/p>\n\t\t\t\t<img loading=\"lazy\" decoding=\"async\" src=\"https:\/\/densebreastscanada.ca\/wp-content\/uploads\/2023\/10\/Breast-Screening-Practices-in-Canada.png\" alt=\"Breast Screening Practices in Canada\" itemprop=\"image\" height=\"500\" width=\"500\" title=\"Breast Screening Practices in Canada\" onerror=\"this.style.display='none'\"  \/>\n<h2>\n\t\tComparing the Provinces &#038; Territories on 5 Key Practices\n\t<\/h2>\n\t<p><a href=\"https:\/\/densebreastscanada.ca\/wp-content\/uploads\/2024\/10\/Breast-Screening-Practices-Report-Provincial-Comparison-Report_Oct2.pdf\">Lire le document<\/a><\/p>\n\t\t\t\t<img loading=\"lazy\" decoding=\"async\" src=\"https:\/\/densebreastscanada.ca\/wp-content\/uploads\/2023\/10\/Concerns-with-the-2024-Breast-Screening-Guidelines.png\" alt=\"Concerns with the 2024 Breast Screening Guidelines\" itemprop=\"image\" height=\"500\" width=\"500\" title=\"Concerns with the 2024 Breast Screening Guidelines\" onerror=\"this.style.display='none'\"  \/>\n<h2>\n\t\tConcerns with the 2024 Breast Screening Guidelines\n\t<\/h2>\n\t<p><a href=\"https:\/\/densebreastscanada.ca\/wp-content\/uploads\/2024\/07\/Concerns-with-the-2024-breast-screening-guidelines-and-the-guideline-creation-process.pdf\">Lire le document<\/a><\/p>","protected":false},"excerpt":{"rendered":"<p>It&#8217;s your health. Be breast informed. Learn about the risks of dense breasts, breast screening policies in your province, the latest evidence, and how to advocate for the screening you need. Make the best decisions for your health. We are here to help. About Dense Breasts Dense breasts increase your risk for breast cancer and&hellip;<\/p>","protected":false},"author":6,"featured_media":0,"parent":0,"menu_order":0,"comment_status":"closed","ping_status":"closed","template":"","meta":{"om_disable_all_campaigns":false,"footnotes":"","_links_to":"","_links_to_target":""},"class_list":["post-95391","page","type-page","status-publish","hentry"],"yoast_head":"<!-- This site is optimized with the Yoast SEO plugin v27.5 - https:\/\/yoast.com\/product\/yoast-seo-wordpress\/ -->\n<title>New Homepage Template | Dense Breasts Canada<\/title>\n<meta name=\"robots\" content=\"index, follow, max-snippet:-1, max-image-preview:large, max-video-preview:-1\" \/>\n<link rel=\"canonical\" href=\"https:\/\/densebreastscanada.ca\/fr\/new-homepage-template\/\" \/>\n<meta property=\"og:locale\" content=\"fr_CA\" \/>\n<meta property=\"og:type\" content=\"article\" \/>\n<meta property=\"og:title\" content=\"New Homepage Template | Dense Breasts Canada\" \/>\n<meta property=\"og:description\" content=\"It&#8217;s your health. Be breast informed. Learn about the risks of dense breasts, breast screening policies in your province, the latest evidence, and how to advocate for the screening you need. Make the best decisions for your health. We are here to help. About Dense Breasts Dense breasts increase your risk for breast cancer and&hellip;\" \/>\n<meta property=\"og:url\" content=\"https:\/\/densebreastscanada.ca\/fr\/new-homepage-template\/\" \/>\n<meta property=\"og:site_name\" content=\"Dense Breasts Canada\" \/>\n<meta property=\"article:publisher\" content=\"https:\/\/www.facebook.com\/densebreastscanada\/\" \/>\n<meta property=\"article:modified_time\" content=\"2024-10-28T14:36:35+00:00\" \/>\n<meta property=\"og:image\" content=\"https:\/\/densebreastscanada.ca\/wp-content\/uploads\/2024\/08\/BANNER-IWYTK-web-scaled.jpg\" \/>\n<meta name=\"twitter:card\" content=\"summary_large_image\" \/>\n<meta name=\"twitter:site\" content=\"@densebreastscdn\" \/>\n<script type=\"application\/ld+json\" class=\"yoast-schema-graph\">{\"@context\":\"https:\\\/\\\/schema.org\",\"@graph\":[{\"@type\":\"WebPage\",\"@id\":\"https:\\\/\\\/densebreastscanada.ca\\\/new-homepage-template\\\/\",\"url\":\"https:\\\/\\\/densebreastscanada.ca\\\/new-homepage-template\\\/\",\"name\":\"New Homepage Template | Dense Breasts Canada\",\"isPartOf\":{\"@id\":\"https:\\\/\\\/densebreastscanada.ca\\\/#website\"},\"primaryImageOfPage\":{\"@id\":\"https:\\\/\\\/densebreastscanada.ca\\\/new-homepage-template\\\/#primaryimage\"},\"image\":{\"@id\":\"https:\\\/\\\/densebreastscanada.ca\\\/new-homepage-template\\\/#primaryimage\"},\"thumbnailUrl\":\"https:\\\/\\\/densebreastscanada.ca\\\/wp-content\\\/uploads\\\/2024\\\/08\\\/BANNER-IWYTK-web-scaled.jpg\",\"datePublished\":\"2024-10-25T18:35:50+00:00\",\"dateModified\":\"2024-10-28T14:36:35+00:00\",\"breadcrumb\":{\"@id\":\"https:\\\/\\\/densebreastscanada.ca\\\/new-homepage-template\\\/#breadcrumb\"},\"inLanguage\":\"fr-CA\",\"potentialAction\":[{\"@type\":\"ReadAction\",\"target\":[\"https:\\\/\\\/densebreastscanada.ca\\\/new-homepage-template\\\/\"]}]},{\"@type\":\"ImageObject\",\"inLanguage\":\"fr-CA\",\"@id\":\"https:\\\/\\\/densebreastscanada.ca\\\/new-homepage-template\\\/#primaryimage\",\"url\":\"https:\\\/\\\/densebreastscanada.ca\\\/wp-content\\\/uploads\\\/2024\\\/08\\\/BANNER-IWYTK-web-scaled.jpg\",\"contentUrl\":\"https:\\\/\\\/densebreastscanada.ca\\\/wp-content\\\/uploads\\\/2024\\\/08\\\/BANNER-IWYTK-web-scaled.jpg\"},{\"@type\":\"BreadcrumbList\",\"@id\":\"https:\\\/\\\/densebreastscanada.ca\\\/new-homepage-template\\\/#breadcrumb\",\"itemListElement\":[{\"@type\":\"ListItem\",\"position\":1,\"name\":\"Home\",\"item\":\"https:\\\/\\\/densebreastscanada.ca\\\/\"},{\"@type\":\"ListItem\",\"position\":2,\"name\":\"New Homepage Template\"}]},{\"@type\":\"WebSite\",\"@id\":\"https:\\\/\\\/densebreastscanada.ca\\\/#website\",\"url\":\"https:\\\/\\\/densebreastscanada.ca\\\/\",\"name\":\"Dense Breasts Canada\",\"description\":\"Get the breast screening best for you\",\"publisher\":{\"@id\":\"https:\\\/\\\/densebreastscanada.ca\\\/#organization\"},\"potentialAction\":[{\"@type\":\"SearchAction\",\"target\":{\"@type\":\"EntryPoint\",\"urlTemplate\":\"https:\\\/\\\/densebreastscanada.ca\\\/?s={search_term_string}\"},\"query-input\":{\"@type\":\"PropertyValueSpecification\",\"valueRequired\":true,\"valueName\":\"search_term_string\"}}],\"inLanguage\":\"fr-CA\"},{\"@type\":\"Organization\",\"@id\":\"https:\\\/\\\/densebreastscanada.ca\\\/#organization\",\"name\":\"Dense Breasts Canada\",\"url\":\"https:\\\/\\\/densebreastscanada.ca\\\/\",\"logo\":{\"@type\":\"ImageObject\",\"inLanguage\":\"fr-CA\",\"@id\":\"https:\\\/\\\/densebreastscanada.ca\\\/#\\\/schema\\\/logo\\\/image\\\/\",\"url\":\"https:\\\/\\\/densebreastscanada.ca\\\/wp-content\\\/uploads\\\/2019\\\/04\\\/DenseBreastsCanada_Logo_H_C-150.png\",\"contentUrl\":\"https:\\\/\\\/densebreastscanada.ca\\\/wp-content\\\/uploads\\\/2019\\\/04\\\/DenseBreastsCanada_Logo_H_C-150.png\",\"width\":150,\"height\":37,\"caption\":\"Dense Breasts Canada\"},\"image\":{\"@id\":\"https:\\\/\\\/densebreastscanada.ca\\\/#\\\/schema\\\/logo\\\/image\\\/\"},\"sameAs\":[\"https:\\\/\\\/www.facebook.com\\\/densebreastscanada\\\/\",\"https:\\\/\\\/x.com\\\/densebreastscdn\",\"https:\\\/\\\/www.instagram.com\\\/densebreastscanada\\\/\"]}]}<\/script>\n<!-- \/ Yoast SEO plugin. -->","yoast_head_json":{"title":"New Homepage Template | Dense Breasts Canada","robots":{"index":"index","follow":"follow","max-snippet":"max-snippet:-1","max-image-preview":"max-image-preview:large","max-video-preview":"max-video-preview:-1"},"canonical":"https:\/\/densebreastscanada.ca\/fr\/new-homepage-template\/","og_locale":"fr_CA","og_type":"article","og_title":"New Homepage Template | Dense Breasts Canada","og_description":"It&#8217;s your health. Be breast informed. Learn about the risks of dense breasts, breast screening policies in your province, the latest evidence, and how to advocate for the screening you need. Make the best decisions for your health. We are here to help. About Dense Breasts Dense breasts increase your risk for breast cancer and&hellip;","og_url":"https:\/\/densebreastscanada.ca\/fr\/new-homepage-template\/","og_site_name":"Dense Breasts Canada","article_publisher":"https:\/\/www.facebook.com\/densebreastscanada\/","article_modified_time":"2024-10-28T14:36:35+00:00","og_image":[{"url":"https:\/\/densebreastscanada.ca\/wp-content\/uploads\/2024\/08\/BANNER-IWYTK-web-scaled.jpg","type":"","width":"","height":""}],"twitter_card":"summary_large_image","twitter_site":"@densebreastscdn","schema":{"@context":"https:\/\/schema.org","@graph":[{"@type":"WebPage","@id":"https:\/\/densebreastscanada.ca\/new-homepage-template\/","url":"https:\/\/densebreastscanada.ca\/new-homepage-template\/","name":"New Homepage Template | Dense Breasts Canada","isPartOf":{"@id":"https:\/\/densebreastscanada.ca\/#website"},"primaryImageOfPage":{"@id":"https:\/\/densebreastscanada.ca\/new-homepage-template\/#primaryimage"},"image":{"@id":"https:\/\/densebreastscanada.ca\/new-homepage-template\/#primaryimage"},"thumbnailUrl":"https:\/\/densebreastscanada.ca\/wp-content\/uploads\/2024\/08\/BANNER-IWYTK-web-scaled.jpg","datePublished":"2024-10-25T18:35:50+00:00","dateModified":"2024-10-28T14:36:35+00:00","breadcrumb":{"@id":"https:\/\/densebreastscanada.ca\/new-homepage-template\/#breadcrumb"},"inLanguage":"fr-CA","potentialAction":[{"@type":"ReadAction","target":["https:\/\/densebreastscanada.ca\/new-homepage-template\/"]}]},{"@type":"ImageObject","inLanguage":"fr-CA","@id":"https:\/\/densebreastscanada.ca\/new-homepage-template\/#primaryimage","url":"https:\/\/densebreastscanada.ca\/wp-content\/uploads\/2024\/08\/BANNER-IWYTK-web-scaled.jpg","contentUrl":"https:\/\/densebreastscanada.ca\/wp-content\/uploads\/2024\/08\/BANNER-IWYTK-web-scaled.jpg"},{"@type":"BreadcrumbList","@id":"https:\/\/densebreastscanada.ca\/new-homepage-template\/#breadcrumb","itemListElement":[{"@type":"ListItem","position":1,"name":"Home","item":"https:\/\/densebreastscanada.ca\/"},{"@type":"ListItem","position":2,"name":"New Homepage Template"}]},{"@type":"WebSite","@id":"https:\/\/densebreastscanada.ca\/#website","url":"https:\/\/densebreastscanada.ca\/","name":"Dense Breasts Canada","description":"Get the breast screening best for you","publisher":{"@id":"https:\/\/densebreastscanada.ca\/#organization"},"potentialAction":[{"@type":"SearchAction","target":{"@type":"EntryPoint","urlTemplate":"https:\/\/densebreastscanada.ca\/?s={search_term_string}"},"query-input":{"@type":"PropertyValueSpecification","valueRequired":true,"valueName":"search_term_string"}}],"inLanguage":"fr-CA"},{"@type":"Organization","@id":"https:\/\/densebreastscanada.ca\/#organization","name":"Dense Breasts Canada","url":"https:\/\/densebreastscanada.ca\/","logo":{"@type":"ImageObject","inLanguage":"fr-CA","@id":"https:\/\/densebreastscanada.ca\/#\/schema\/logo\/image\/","url":"https:\/\/densebreastscanada.ca\/wp-content\/uploads\/2019\/04\/DenseBreastsCanada_Logo_H_C-150.png","contentUrl":"https:\/\/densebreastscanada.ca\/wp-content\/uploads\/2019\/04\/DenseBreastsCanada_Logo_H_C-150.png","width":150,"height":37,"caption":"Dense Breasts Canada"},"image":{"@id":"https:\/\/densebreastscanada.ca\/#\/schema\/logo\/image\/"},"sameAs":["https:\/\/www.facebook.com\/densebreastscanada\/","https:\/\/x.com\/densebreastscdn","https:\/\/www.instagram.com\/densebreastscanada\/"]}]}},"_links":{"self":[{"href":"https:\/\/densebreastscanada.ca\/fr\/wp-json\/wp\/v2\/pages\/95391","targetHints":{"allow":["GET"]}}],"collection":[{"href":"https:\/\/densebreastscanada.ca\/fr\/wp-json\/wp\/v2\/pages"}],"about":[{"href":"https:\/\/densebreastscanada.ca\/fr\/wp-json\/wp\/v2\/types\/page"}],"author":[{"embeddable":true,"href":"https:\/\/densebreastscanada.ca\/fr\/wp-json\/wp\/v2\/users\/6"}],"replies":[{"embeddable":true,"href":"https:\/\/densebreastscanada.ca\/fr\/wp-json\/wp\/v2\/comments?post=95391"}],"version-history":[{"count":0,"href":"https:\/\/densebreastscanada.ca\/fr\/wp-json\/wp\/v2\/pages\/95391\/revisions"}],"wp:attachment":[{"href":"https:\/\/densebreastscanada.ca\/fr\/wp-json\/wp\/v2\/media?parent=95391"}],"curies":[{"name":"wp","href":"https:\/\/api.w.org\/{rel}","templated":true}]}}